{"id":5020,"date":"2022-01-17T07:41:54","date_gmt":"2022-01-17T04:41:54","guid":{"rendered":"https:\/\/www.mavimotel.com\/hakkimizda\/"},"modified":"2023-12-29T20:08:26","modified_gmt":"2023-12-29T17:08:26","slug":"hakkimizda","status":"publish","type":"page","link":"https:\/\/www.mavimotel.com\/ar\/hakkimizda\/","title":{"rendered":"Hakk\u0131m\u0131zda Ar"},"content":{"rendered":"\t\t<div data-elementor-type=\"wp-page\" data-elementor-id=\"5020\" class=\"elementor elementor-5020 elementor-55\" data-elementor-post-type=\"page\">\n\t\t\t\t\t\t<section class=\"elementor-section elementor-top-section elementor-element elementor-element-14a4c4f elementor-section-boxed elementor-section-height-default elementor-section-height-default\" data-id=\"14a4c4f\" data-element_type=\"section\">\n\t\t\t\t\t\t<div class=\"elementor-container elementor-column-gap-default\">\n\t\t\t\t\t<div class=\"elementor-column elementor-col-50 elementor-top-column elementor-element elementor-element-b1477a5\" data-id=\"b1477a5\" data-element_type=\"column\">\n\t\t\t<div class=\"elementor-widget-wrap elementor-element-populated\">\n\t\t\t\t\t\t<div class=\"elementor-element elementor-element-c9bb26a elementor-widget elementor-widget-hotelft_elementor_heading\" data-id=\"c9bb26a\" data-element_type=\"widget\" data-widget_type=\"hotelft_elementor_heading.default\">\n\t\t\t\t<div class=\"elementor-widget-container\">\n\t\t\t\n\t\t \t<div class=\"ova-heading \">\n\t\t \t   <h2 class=\"title\">\t\t\t\t\t\t\t\t\t\t\tH\u0130KAYEM\u0130Z\t\t\t\t\t\t\t\t\t<\/h2>\t\t    <\/div>\n\n\t\t\t\t<\/div>\n\t\t\t\t<\/div>\n\t\t\t\t<div class=\"elementor-element elementor-element-c46c209 elementor-widget elementor-widget-hotelft_elementor_heading\" data-id=\"c46c209\" data-element_type=\"widget\" data-widget_type=\"hotelft_elementor_heading.default\">\n\t\t\t\t<div class=\"elementor-widget-container\">\n\t\t\t\n\t\t \t<div class=\"ova-heading \">\n\t\t \t   <h2 class=\"title\">\t\t\t\t\t\t\t\t\t\t\tMavi Motel Kurulu\u015f Hikayesi\t\t\t\t\t\t\t\t\t<\/h2>\t\t    <\/div>\n\n\t\t\t\t<\/div>\n\t\t\t\t<\/div>\n\t\t\t\t\t<\/div>\n\t\t<\/div>\n\t\t\t\t<div class=\"elementor-column elementor-col-50 elementor-top-column elementor-element elementor-element-5c8fa6c\" data-id=\"5c8fa6c\" data-element_type=\"column\">\n\t\t\t<div class=\"elementor-widget-wrap elementor-element-populated\">\n\t\t\t\t\t\t<div class=\"elementor-element elementor-element-b5baf9f elementor-widget elementor-widget-text-editor\" data-id=\"b5baf9f\" data-element_type=\"widget\" data-widget_type=\"text-editor.default\">\n\t\t\t\t<div class=\"elementor-widget-container\">\n\t\t\t<style>\/*! elementor - v3.19.0 - 29-01-2024 *\/\n.elementor-widget-text-editor.elementor-drop-cap-view-stacked .elementor-drop-cap{background-color:#69727d;color:#fff}.elementor-widget-text-editor.elementor-drop-cap-view-framed .elementor-drop-cap{color:#69727d;border:3px solid;background-color:transparent}.elementor-widget-text-editor:not(.elementor-drop-cap-view-default) .elementor-drop-cap{margin-top:8px}.elementor-widget-text-editor:not(.elementor-drop-cap-view-default) .elementor-drop-cap-letter{width:1em;height:1em}.elementor-widget-text-editor .elementor-drop-cap{float:left;text-align:center;line-height:1;font-size:50px}.elementor-widget-text-editor .elementor-drop-cap-letter{display:inline-block}<\/style>\t\t\t\tWe started building our hotel in 1995. Since then, we&#8217;ve grown into the hotel with the best client service in our country. From 2010, we have offered many new services to meet client&#8217;s demand better such as Spa, wellness, Airport shuttle. \t\t\t\t\t\t<\/div>\n\t\t\t\t<\/div>\n\t\t\t\t\t<\/div>\n\t\t<\/div>\n\t\t\t\t\t<\/div>\n\t\t<\/section>\n\t\t\t\t<section class=\"elementor-section elementor-top-section elementor-element elementor-element-dc38353 elementor-section-full_width elementor-section-height-default elementor-section-height-default\" data-id=\"dc38353\" data-element_type=\"section\">\n\t\t\t\t\t\t<div class=\"elementor-container elementor-column-gap-no\">\n\t\t\t\t\t<div class=\"elementor-column elementor-col-100 elementor-top-column elementor-element elementor-element-9a592f0\" data-id=\"9a592f0\" data-element_type=\"column\">\n\t\t\t<div class=\"elementor-widget-wrap elementor-element-populated\">\n\t\t\t\t\t\t<div class=\"elementor-element elementor-element-c62ba6d elementor-widget elementor-widget-hotelft_elementor_simple_image_carousel\" data-id=\"c62ba6d\" data-element_type=\"widget\" data-settings=\"{&quot;pause_on_hover&quot;:&quot;yes&quot;,&quot;infinite&quot;:&quot;yes&quot;,&quot;autoplay&quot;:&quot;yes&quot;,&quot;dot_control&quot;:&quot;yes&quot;}\" data-widget_type=\"hotelft_elementor_simple_image_carousel.default\">\n\t\t\t\t<div class=\"elementor-widget-container\">\n\t\t\t          \n           <div class=\"ova-simple-image-carousel\">\n\n\t\t\t\t<div class=\"simple-image-carousel owl-carousel owl-theme\" data-options=\"{&quot;items&quot;:1,&quot;slideBy&quot;:1,&quot;margin&quot;:30,&quot;stagePadding&quot;:380,&quot;autoplayHoverPause&quot;:true,&quot;loop&quot;:true,&quot;autoplay&quot;:true,&quot;autoWidth&quot;:false,&quot;autoplayTimeout&quot;:3000,&quot;smartSpeed&quot;:500,&quot;rtl&quot;:true,&quot;dots&quot;:true,&quot;nav&quot;:false,&quot;nav_left&quot;:&quot;flaticon flaticon-left&quot;,&quot;nav_right&quot;:&quot;flaticon flaticon-right-arrow&quot;}\">\n\t\t\t\t\t\n\t                        \n\t\t\t\t\t\t\t\t<div class=\"item\">\n\t\t\t\t\t\t\t\t\t<div class=\"simple-image-carousel-img\">\n\t\t\t\t\t\t\t\t\t\t<img decoding=\"async\" src=\"https:\/\/www.mavimotel.com\/wp-content\/uploads\/2023\/12\/mavimotel-img-2.webp\" alt=\"\">\n\t\t\t\t\t\t\t\t\t\t\t\t\t\t\t\t\t\t\t<\/div>\n\t\t\t\t\t\t\t\t<\/div>\n\t\t\t\t\t\t\t\t\n\t\t\t\t\t\t\t\n\t\t\t\t\t\n\t                        \n\t\t\t\t\t\t\t\t<div class=\"item\">\n\t\t\t\t\t\t\t\t\t<div class=\"simple-image-carousel-img\">\n\t\t\t\t\t\t\t\t\t\t<img decoding=\"async\" src=\"https:\/\/www.mavimotel.com\/wp-content\/uploads\/2023\/12\/mavimotel-img-1.webp\" alt=\"\">\n\t\t\t\t\t\t\t\t\t\t\t\t\t\t\t\t\t\t\t<\/div>\n\t\t\t\t\t\t\t\t<\/div>\n\t\t\t\t\t\t\t\t\n\t\t\t\t\t\t\t\n\t\t\t\t\t\n\t                        \n\t\t\t\t\t\t\t\t<div class=\"item\">\n\t\t\t\t\t\t\t\t\t<div class=\"simple-image-carousel-img\">\n\t\t\t\t\t\t\t\t\t\t<img decoding=\"async\" src=\"https:\/\/www.mavimotel.com\/wp-content\/uploads\/2023\/12\/mavimotel-img-3.webp\" alt=\"\">\n\t\t\t\t\t\t\t\t\t\t\t\t\t\t\t\t\t\t\t<\/div>\n\t\t\t\t\t\t\t\t<\/div>\n\t\t\t\t\t\t\t\t\n\t\t\t\t\t\t\t\n\t\t\t\t\t\n\t\t\t\t<\/div>\n\n\t\t\t<\/div>\n\t\t \t\n\t\t\t\t<\/div>\n\t\t\t\t<\/div>\n\t\t\t\t\t<\/div>\n\t\t<\/div>\n\t\t\t\t\t<\/div>\n\t\t<\/section>\n\t\t\t\t<section class=\"elementor-section elementor-top-section elementor-element elementor-element-fc825a6 elementor-section-boxed elementor-section-height-default elementor-section-height-default\" data-id=\"fc825a6\" data-element_type=\"section\">\n\t\t\t\t\t\t<div class=\"elementor-container elementor-column-gap-default\">\n\t\t\t\t\t<div class=\"elementor-column elementor-col-100 elementor-top-column elementor-element elementor-element-68711b4\" data-id=\"68711b4\" data-element_type=\"column\">\n\t\t\t<div class=\"elementor-widget-wrap elementor-element-populated\">\n\t\t\t\t\t\t<div class=\"elementor-element elementor-element-4221934 elementor-widget elementor-widget-hotelft_elementor_heading\" data-id=\"4221934\" data-element_type=\"widget\" data-widget_type=\"hotelft_elementor_heading.default\">\n\t\t\t\t<div class=\"elementor-widget-container\">\n\t\t\t\n\t\t \t<div class=\"ova-heading \">\n\t\t \t   <h2 class=\"title\">\t\t\t\t\t\t\t\t\t\t\tNeden Bizi Tercih Etmelisiniz?\t\t\t\t\t\t\t\t\t<\/h2>\t\t    <\/div>\n\n\t\t\t\t<\/div>\n\t\t\t\t<\/div>\n\t\t\t\t<section class=\"elementor-section elementor-inner-section elementor-element elementor-element-88eae3e elementor-section-full_width elementor-section-height-default elementor-section-height-default\" data-id=\"88eae3e\" data-element_type=\"section\">\n\t\t\t\t\t\t<div class=\"elementor-container elementor-column-gap-default\">\n\t\t\t\t\t<div class=\"elementor-column elementor-col-33 elementor-inner-column elementor-element elementor-element-5a6d773\" data-id=\"5a6d773\" data-element_type=\"column\">\n\t\t\t<div class=\"elementor-widget-wrap elementor-element-populated\">\n\t\t\t\t\t\t<div class=\"elementor-element elementor-element-b59641d elementor-animation-float elementor-widget elementor-widget-hotelft_elementor_card\" data-id=\"b59641d\" data-element_type=\"widget\" data-widget_type=\"hotelft_elementor_card.default\">\n\t\t\t\t<div class=\"elementor-widget-container\">\n\t\t\t\n\t\t     \n\t            <div class=\"ova-card v1\">\n\n\t                \t\t            \t<div class=\"icon\">\n\t\t            \t\t<i class=\"icomoon icomoon-diamond\"><\/i>\n\t\t            \t<\/div>\n\t\t            \n\t\t            \t\t\t\t\t\t<h3 class=\"title\">\n\t\t\t\t\t\t\tL\u00fcks Olanaklar\t\t\t\t\t\t<\/h3>\n\t\t\t\t\t\n                    \t\t\t\t\t\t\t\t\t\t\t\t\t<p class=\"description\">\n\t\t\t\t\t\t\t\tKonaklama noktas\u0131nda hayalini kurdu\u011funuz t\u00fcm imk\u00e2nlar\u0131 size sa\u011fl\u0131yoruz ve iyi hizmetleri sunmak i\u00e7in \u00e7al\u0131\u015f\u0131yoruz.\t\t\t\t\t\t\t<\/p>\n\t\t\t\t\t\t\t\t\t\t\t\t\t\t\t\t\n\t\t\t    <\/div>\n\n\t\t   \t\t \t\n\t\t\t\t<\/div>\n\t\t\t\t<\/div>\n\t\t\t\t<div class=\"elementor-element elementor-element-89ca569 elementor-animation-float elementor-widget elementor-widget-hotelft_elementor_card\" data-id=\"89ca569\" data-element_type=\"widget\" data-widget_type=\"hotelft_elementor_card.default\">\n\t\t\t\t<div class=\"elementor-widget-container\">\n\t\t\t\n\t\t     \n\t            <div class=\"ova-card v1\">\n\n\t                \t\t            \t<div class=\"icon\">\n\t\t            \t\t<i class=\"icomoon icomoon-mobile-payment\"><\/i>\n\t\t            \t<\/div>\n\t\t            \n\t\t            \t\t\t\t\t\t<h3 class=\"title\">\n\t\t\t\t\t\t\tOnline \u00d6deme F\u0131rsat\u0131\t\t\t\t\t\t<\/h3>\n\t\t\t\t\t\n                    \t\t\t\t\t\t\t\t\t\t\t\t\t<p class=\"description\">\n\t\t\t\t\t\t\t\t\u00d6demelerinizi otele gelmeden online olarak yapabilir ve dilerseniz yine ayn\u0131 \u015fekilde iade alabilirsiniz.\t\t\t\t\t\t\t<\/p>\n\t\t\t\t\t\t\t\t\t\t\t\t\t\t\t\t\n\t\t\t    <\/div>\n\n\t\t   \t\t \t\n\t\t\t\t<\/div>\n\t\t\t\t<\/div>\n\t\t\t\t<div class=\"elementor-element elementor-element-75d9642 elementor-hidden-desktop elementor-animation-float elementor-widget elementor-widget-hotelft_elementor_card\" data-id=\"75d9642\" data-element_type=\"widget\" data-widget_type=\"hotelft_elementor_card.default\">\n\t\t\t\t<div class=\"elementor-widget-container\">\n\t\t\t\n\t\t     \n\t            <div class=\"ova-card v1\">\n\n\t                \t\t            \t<div class=\"icon\">\n\t\t            \t\t<i class=\"icomoon icomoon-offer\"><\/i>\n\t\t            \t<\/div>\n\t\t            \n\t\t            \t\t\t\t\t\t<h3 class=\"title\">\n\t\t\t\t\t\t\tSpecial Offers\t\t\t\t\t\t<\/h3>\n\t\t\t\t\t\n                    \t\t\t\t\t\t\t\t\t\t\t\t\t<p class=\"description\">\n\t\t\t\t\t\t\t\tHave special offers to help clients save money and receive special benefits.\t\t\t\t\t\t\t<\/p>\n\t\t\t\t\t\t\t\t\t\t\t\t\t\t\t\t\n\t\t\t    <\/div>\n\n\t\t   \t\t \t\n\t\t\t\t<\/div>\n\t\t\t\t<\/div>\n\t\t\t\t\t<\/div>\n\t\t<\/div>\n\t\t\t\t<div class=\"elementor-column elementor-col-33 elementor-inner-column elementor-element elementor-element-ec80627\" data-id=\"ec80627\" data-element_type=\"column\">\n\t\t\t<div class=\"elementor-widget-wrap elementor-element-populated\">\n\t\t\t\t\t\t<div class=\"elementor-element elementor-element-1756fe1 elementor-animation-float elementor-widget elementor-widget-hotelft_elementor_card\" data-id=\"1756fe1\" data-element_type=\"widget\" data-widget_type=\"hotelft_elementor_card.default\">\n\t\t\t\t<div class=\"elementor-widget-container\">\n\t\t\t\n\t\t     \n\t            <div class=\"ova-card v1\">\n\n\t                \t\t            \t<div class=\"icon\">\n\t\t            \t\t<i class=\"icomoon icomoon-airport\"><\/i>\n\t\t            \t<\/div>\n\t\t            \n\t\t            \t\t\t\t\t\t<h3 class=\"title\">\n\t\t\t\t\t\t\tHavaliman\u0131 Servisi\t\t\t\t\t\t<\/h3>\n\t\t\t\t\t\n                    \t\t\t\t\t\t\t\t\t\t\t\t\t<p class=\"description\">\n\t\t\t\t\t\t\t\t\u00d6zel ara\u00e7lar\u0131m\u0131z sayesinde sizlerin otelimize ula\u015f\u0131m\u0131 noktas\u0131nda ya\u015fayabilece\u011finiz t\u00fcm problemleri gideriyoruz.\t\t\t\t\t\t\t<\/p>\n\t\t\t\t\t\t\t\t\t\t\t\t\t\t\t\t\n\t\t\t    <\/div>\n\n\t\t   \t\t \t\n\t\t\t\t<\/div>\n\t\t\t\t<\/div>\n\t\t\t\t<div class=\"elementor-element elementor-element-66e635e elementor-animation-float elementor-widget elementor-widget-hotelft_elementor_card\" data-id=\"66e635e\" data-element_type=\"widget\" data-widget_type=\"hotelft_elementor_card.default\">\n\t\t\t\t<div class=\"elementor-widget-container\">\n\t\t\t\n\t\t     \n\t            <div class=\"ova-card v1\">\n\n\t                \t\t            \t<div class=\"icon\">\n\t\t            \t\t<i class=\"icomoon icomoon-point\"><\/i>\n\t\t            \t<\/div>\n\t\t            \n\t\t            \t\t\t\t\t\t<h3 class=\"title\">\n\t\t\t\t\t\t\tLokasyon Avantaj\u0131\t\t\t\t\t\t<\/h3>\n\t\t\t\t\t\n                    \t\t\t\t\t\t\t\t\t\t\t\t\t<p class=\"description\">\n\t\t\t\t\t\t\t\tOtelimiz bulundu\u011fu konum itibari ile bir\u00e7ok turistik b\u00f6lgeye kolay ula\u015f\u0131m imk\u00e2n\u0131 sa\u011flar.\t\t\t\t\t\t\t<\/p>\n\t\t\t\t\t\t\t\t\t\t\t\t\t\t\t\t\n\t\t\t    <\/div>\n\n\t\t   \t\t \t\n\t\t\t\t<\/div>\n\t\t\t\t<\/div>\n\t\t\t\t<div class=\"elementor-element elementor-element-67ae38c elementor-hidden-desktop elementor-animation-float elementor-widget elementor-widget-hotelft_elementor_card\" data-id=\"67ae38c\" data-element_type=\"widget\" data-widget_type=\"hotelft_elementor_card.default\">\n\t\t\t\t<div class=\"elementor-widget-container\">\n\t\t\t\n\t\t     \n\t            <div class=\"ova-card v1\">\n\n\t                \t\t            \t<div class=\"icon\">\n\t\t            \t\t<i class=\"icomoon icomoon-housekeeper\"><\/i>\n\t\t            \t<\/div>\n\t\t            \n\t\t            \t\t\t\t\t\t<h3 class=\"title\">\n\t\t\t\t\t\t\tFriendly Staff\t\t\t\t\t\t<\/h3>\n\t\t\t\t\t\n                    \t\t\t\t\t\t\t\t\t\t\t\t\t<p class=\"description\">\n\t\t\t\t\t\t\t\tOur staff are helpful. They respond all questions of clients in a happy way.\t\t\t\t\t\t\t<\/p>\n\t\t\t\t\t\t\t\t\t\t\t\t\t\t\t\t\n\t\t\t    <\/div>\n\n\t\t   \t\t \t\n\t\t\t\t<\/div>\n\t\t\t\t<\/div>\n\t\t\t\t\t<\/div>\n\t\t<\/div>\n\t\t\t\t<div class=\"elementor-column elementor-col-33 elementor-inner-column elementor-element elementor-element-b9748e9\" data-id=\"b9748e9\" data-element_type=\"column\">\n\t\t\t<div class=\"elementor-widget-wrap elementor-element-populated\">\n\t\t\t\t\t\t<div class=\"elementor-element elementor-element-665048d elementor-hidden-tablet elementor-hidden-mobile elementor-animation-float elementor-widget elementor-widget-hotelft_elementor_card\" data-id=\"665048d\" data-element_type=\"widget\" data-widget_type=\"hotelft_elementor_card.default\">\n\t\t\t\t<div class=\"elementor-widget-container\">\n\t\t\t\n\t\t     \n\t            <div class=\"ova-card v1\">\n\n\t                \t\t            \t<div class=\"icon\">\n\t\t            \t\t<i class=\"icomoon icomoon-offer\"><\/i>\n\t\t            \t<\/div>\n\t\t            \n\t\t            \t\t\t\t\t\t<h3 class=\"title\">\n\t\t\t\t\t\t\tUygun Fiyatlar\t\t\t\t\t\t<\/h3>\n\t\t\t\t\t\n                    \t\t\t\t\t\t\t\t\t\t\t\t\t<p class=\"description\">\n\t\t\t\t\t\t\t\tOtelimizde her b\u00fct\u00e7eye hitap eden fiyatland\u0131rma politikas\u0131 uygulanmaktad\u0131r. En iyi fiyat garantisi veriyoruz.\t\t\t\t\t\t\t<\/p>\n\t\t\t\t\t\t\t\t\t\t\t\t\t\t\t\t\n\t\t\t    <\/div>\n\n\t\t   \t\t \t\n\t\t\t\t<\/div>\n\t\t\t\t<\/div>\n\t\t\t\t<div class=\"elementor-element elementor-element-cb8536a elementor-hidden-tablet elementor-hidden-mobile elementor-animation-float elementor-widget elementor-widget-hotelft_elementor_card\" data-id=\"cb8536a\" data-element_type=\"widget\" data-widget_type=\"hotelft_elementor_card.default\">\n\t\t\t\t<div class=\"elementor-widget-container\">\n\t\t\t\n\t\t     \n\t            <div class=\"ova-card v1\">\n\n\t                \t\t            \t<div class=\"icon\">\n\t\t            \t\t<i class=\"icomoon icomoon-housekeeper\"><\/i>\n\t\t            \t<\/div>\n\t\t            \n\t\t            \t\t\t\t\t\t<h3 class=\"title\">\n\t\t\t\t\t\t\tG\u00fclery\u00fczl\u00fc Personel\t\t\t\t\t\t<\/h3>\n\t\t\t\t\t\n                    \t\t\t\t\t\t\t\t\t\t\t\t\t<p class=\"description\">\n\t\t\t\t\t\t\t\tEkibimiz alan\u0131nda uzman ve i\u015fini seven arkada\u015flar\u0131m\u0131zdan olu\u015fturulmu\u015ftur ve sizlere memnuniyetle hizmet vermektedir.\t\t\t\t\t\t\t<\/p>\n\t\t\t\t\t\t\t\t\t\t\t\t\t\t\t\t\n\t\t\t    <\/div>\n\n\t\t   \t\t \t\n\t\t\t\t<\/div>\n\t\t\t\t<\/div>\n\t\t\t\t\t<\/div>\n\t\t<\/div>\n\t\t\t\t\t<\/div>\n\t\t<\/section>\n\t\t\t\t\t<\/div>\n\t\t<\/div>\n\t\t\t\t\t<\/div>\n\t\t<\/section>\n\t\t\t\t<section class=\"elementor-section elementor-top-section elementor-element elementor-element-1b3ccc5 elementor-hidden-desktop elementor-hidden-tablet elementor-hidden-mobile elementor-section-boxed elementor-section-height-default elementor-section-height-default\" data-id=\"1b3ccc5\" data-element_type=\"section\" data-settings=\"{&quot;background_background&quot;:&quot;classic&quot;}\">\n\t\t\t\t\t\t<div class=\"elementor-container elementor-column-gap-default\">\n\t\t\t\t\t<div class=\"elementor-column elementor-col-100 elementor-top-column elementor-element elementor-element-c5cd462\" data-id=\"c5cd462\" data-element_type=\"column\">\n\t\t\t<div class=\"elementor-widget-wrap elementor-element-populated\">\n\t\t\t\t\t\t<div class=\"elementor-element elementor-element-11bab73 elementor-widget elementor-widget-hotelft_elementor_heading\" data-id=\"11bab73\" data-element_type=\"widget\" data-widget_type=\"hotelft_elementor_heading.default\">\n\t\t\t\t<div class=\"elementor-widget-container\">\n\t\t\t\n\t\t \t<div class=\"ova-heading \">\n\t\t \t   <h2 class=\"title\">\t\t\t\t\t\t\t\t\t\t\t\u00d6d\u00fcllerimiz\t\t\t\t\t\t\t\t\t<\/h2>\t\t    <\/div>\n\n\t\t\t\t<\/div>\n\t\t\t\t<\/div>\n\t\t\t\t<section class=\"elementor-section elementor-inner-section elementor-element elementor-element-459fdc5 elementor-section-full_width elementor-section-height-default elementor-section-height-default\" data-id=\"459fdc5\" data-element_type=\"section\">\n\t\t\t\t\t\t<div class=\"elementor-container elementor-column-gap-default\">\n\t\t\t\t\t<div class=\"elementor-column elementor-col-33 elementor-inner-column elementor-element elementor-element-6cbec1c\" data-id=\"6cbec1c\" data-element_type=\"column\">\n\t\t\t<div class=\"elementor-widget-wrap elementor-element-populated\">\n\t\t\t\t\t\t<div class=\"elementor-element elementor-element-9062fe1 elementor-widget elementor-widget-hotelft_elementor_awards\" data-id=\"9062fe1\" data-element_type=\"widget\" data-widget_type=\"hotelft_elementor_awards.default\">\n\t\t\t\t<div class=\"elementor-widget-container\">\n\t\t\t            \n        <div class=\"ova-awards\">\n\n\t\t\t<div class=\"img\">\n\t\t\t\t<img decoding=\"async\" src=\"https:\/\/demo.ovatheme.com\/hotelft\/wp-content\/uploads\/2022\/01\/awards-01.png\" class=\"awards-img\" alt=\"Top choice\">\n\t\t\t<\/div>\n\n\t\t\t<div class=\"info\">\n\n\t\t\t\t\t\t\t\t\t<h2 class=\"title\">\n\t\t\t\t\t\t\t\t\t\t\t\t\tTop choice\t\t\t\t\t\t\t\t\t\t\t<\/h2>\n\t\t\t\t\n\t\t\t\t\t\t\t\t\t<p  class=\"description\">\n\t\t\t\t\t\tThe Award was presented by the national hospitality association in 1998.\t\t\t\t\t<\/p>\n\t\t\t\t\n\t\t\t<\/div>\n\t\t\t\n\t\t<\/div>\n\n\t\t\t\t<\/div>\n\t\t\t\t<\/div>\n\t\t\t\t\t<\/div>\n\t\t<\/div>\n\t\t\t\t<div class=\"elementor-column elementor-col-33 elementor-inner-column elementor-element elementor-element-8c48cf4\" data-id=\"8c48cf4\" data-element_type=\"column\">\n\t\t\t<div class=\"elementor-widget-wrap elementor-element-populated\">\n\t\t\t\t\t\t<div class=\"elementor-element elementor-element-65862b9 elementor-widget elementor-widget-hotelft_elementor_awards\" data-id=\"65862b9\" data-element_type=\"widget\" data-widget_type=\"hotelft_elementor_awards.default\">\n\t\t\t\t<div class=\"elementor-widget-container\">\n\t\t\t            \n        <div class=\"ova-awards\">\n\n\t\t\t<div class=\"img\">\n\t\t\t\t<img decoding=\"async\" src=\"https:\/\/demo.ovatheme.com\/hotelft\/wp-content\/uploads\/2022\/01\/awards-02.png\" class=\"awards-img\" alt=\"World luxury hotel\">\n\t\t\t<\/div>\n\n\t\t\t<div class=\"info\">\n\n\t\t\t\t\t\t\t\t\t<h2 class=\"title\">\n\t\t\t\t\t\t\t\t\t\t\t\t\tWorld luxury hotel\t\t\t\t\t\t\t\t\t\t\t<\/h2>\n\t\t\t\t\n\t\t\t\t\t\t\t\t\t<p  class=\"description\">\n\t\t\t\t\t\tThe Award was presented by the national hospitality association in 1998.\t\t\t\t\t<\/p>\n\t\t\t\t\n\t\t\t<\/div>\n\t\t\t\n\t\t<\/div>\n\n\t\t\t\t<\/div>\n\t\t\t\t<\/div>\n\t\t\t\t\t<\/div>\n\t\t<\/div>\n\t\t\t\t<div class=\"elementor-column elementor-col-33 elementor-inner-column elementor-element elementor-element-0dc2aae\" data-id=\"0dc2aae\" data-element_type=\"column\">\n\t\t\t<div class=\"elementor-widget-wrap elementor-element-populated\">\n\t\t\t\t\t\t<div class=\"elementor-element elementor-element-a067038 elementor-widget elementor-widget-hotelft_elementor_awards\" data-id=\"a067038\" data-element_type=\"widget\" data-widget_type=\"hotelft_elementor_awards.default\">\n\t\t\t\t<div class=\"elementor-widget-container\">\n\t\t\t            \n        <div class=\"ova-awards\">\n\n\t\t\t<div class=\"img\">\n\t\t\t\t<img decoding=\"async\" src=\"https:\/\/demo.ovatheme.com\/hotelft\/wp-content\/uploads\/2022\/01\/awards-03.png\" class=\"awards-img\" alt=\"Global Hotel\">\n\t\t\t<\/div>\n\n\t\t\t<div class=\"info\">\n\n\t\t\t\t\t\t\t\t\t<h2 class=\"title\">\n\t\t\t\t\t\t\t\t\t\t\t\t\tGlobal Hotel\t\t\t\t\t\t\t\t\t\t\t<\/h2>\n\t\t\t\t\n\t\t\t\t\t\t\t\t\t<p  class=\"description\">\n\t\t\t\t\t\tWe are honored to receive the global hotel award for our hard work in 2002.\t\t\t\t\t<\/p>\n\t\t\t\t\n\t\t\t<\/div>\n\t\t\t\n\t\t<\/div>\n\n\t\t\t\t<\/div>\n\t\t\t\t<\/div>\n\t\t\t\t\t<\/div>\n\t\t<\/div>\n\t\t\t\t\t<\/div>\n\t\t<\/section>\n\t\t\t\t\t<\/div>\n\t\t<\/div>\n\t\t\t\t\t<\/div>\n\t\t<\/section>\n\t\t\t\t<\/div>\n\t\t","protected":false},"excerpt":{"rendered":"<p>H\u0130KAYEM\u0130Z Mavi Motel Kurulu\u015f Hikayesi We started building our hotel in 1995. Since then, we&#8217;ve grown into the hotel with the best client service in our country. From 2010, we have offered many new services to meet client&#8217;s demand better such as Spa, wellness, Airport shuttle. Neden Bizi Tercih Etmelisiniz? L\u00fcks Olanaklar Konaklama noktas\u0131nda hayalini [&hellip;]<\/p>\n","protected":false},"author":1,"featured_media":4770,"parent":0,"menu_order":2,"comment_status":"closed","ping_status":"closed","template":"elementor_header_footer","meta":{"inline_featured_image":false,"rank_math_focus_keyword":"\u0645\u0639\u0644\u0648\u0645\u0627\u062a \u0639\u0646\u0627","rank_math_description":"\u0633\u062a\u062c\u062f \u062c\u0645\u064a\u0639 \u0627\u0644\u0645\u0639\u0644\u0648\u0645\u0627\u062a \u0627\u0644\u062a\u064a \u062a\u0631\u064a\u062f\u0647\u0627 \u062d\u0648\u0644 Mavi Motel \u0639\u0644\u0649 \u0635\u0641\u062d\u0629 \"\u0645\u0639\u0644\u0648\u0645\u0627\u062a \u0639\u0646\u0627\" \u0627\u0644\u062e\u0627\u0635\u0629 \u0628\u0646\u0627. \u064a\u0645\u0643\u0646\u0643 \u0627\u0644\u0627\u062a\u0635\u0627\u0644 \u0628\u0646\u0627 \u0625\u0630\u0627 \u0643\u0646\u062a \u062a\u0631\u063a\u0628 \u0641\u064a \u0630\u0644\u0643.","footnotes":""},"class_list":["post-5020","page","type-page","status-publish","has-post-thumbnail","hentry"],"_links":{"self":[{"href":"https:\/\/www.mavimotel.com\/ar\/wp-json\/wp\/v2\/pages\/5020","targetHints":{"allow":["GET"]}}],"collection":[{"href":"https:\/\/www.mavimotel.com\/ar\/wp-json\/wp\/v2\/pages"}],"about":[{"href":"https:\/\/www.mavimotel.com\/ar\/wp-json\/wp\/v2\/types\/page"}],"author":[{"embeddable":true,"href":"https:\/\/www.mavimotel.com\/ar\/wp-json\/wp\/v2\/users\/1"}],"replies":[{"embeddable":true,"href":"https:\/\/www.mavimotel.com\/ar\/wp-json\/wp\/v2\/comments?post=5020"}],"version-history":[{"count":1,"href":"https:\/\/www.mavimotel.com\/ar\/wp-json\/wp\/v2\/pages\/5020\/revisions"}],"predecessor-version":[{"id":5046,"href":"https:\/\/www.mavimotel.com\/ar\/wp-json\/wp\/v2\/pages\/5020\/revisions\/5046"}],"wp:featuredmedia":[{"embeddable":true,"href":"https:\/\/www.mavimotel.com\/ar\/wp-json\/wp\/v2\/media\/4770"}],"wp:attachment":[{"href":"https:\/\/www.mavimotel.com\/ar\/wp-json\/wp\/v2\/media?parent=5020"}],"curies":[{"name":"wp","href":"https:\/\/api.w.org\/{rel}","templated":true}]}}